{"id":470,"date":"2023-09-18T13:20:21","date_gmt":"2023-09-18T16:20:21","guid":{"rendered":"http:\/\/rm1.com.br\/?page_id=470"},"modified":"2024-06-28T10:25:27","modified_gmt":"2024-06-28T13:25:27","slug":"treinamento-de-sistema","status":"publish","type":"page","link":"https:\/\/rm1.com.br\/?page_id=470","title":{"rendered":"TREINAMENTO DE SISTEMA"},"content":{"rendered":"\t\t<div data-elementor-type=\"wp-page\" data-elementor-id=\"470\" class=\"elementor elementor-470\" data-elementor-post-type=\"page\">\n\t\t\t\t\t\t\t\t\t<section class=\"elementor-section elementor-top-section elementor-element elementor-element-50b85bb7 elementor-section-boxed elementor-section-height-default elementor-section-height-default\" data-id=\"50b85bb7\" data-element_type=\"section\" data-settings=\"{&quot;background_background&quot;:&quot;slideshow&quot;,&quot;background_slideshow_gallery&quot;:[{&quot;id&quot;:433,&quot;url&quot;:&quot;http:\\\/\\\/rm1.com.br\\\/wp-content\\\/uploads\\\/2023\\\/09\\\/virtualizacao.jpg&quot;}],&quot;background_slideshow_loop&quot;:&quot;yes&quot;,&quot;background_slideshow_slide_duration&quot;:5000,&quot;background_slideshow_slide_transition&quot;:&quot;fade&quot;,&quot;background_slideshow_transition_duration&quot;:500}\">\n\t\t\t\t\t\t\t<div class=\"elementor-background-overlay\"><\/div>\n\t\t\t\t\t\t\t<div class=\"elementor-container elementor-column-gap-no\">\n\t\t\t\t\t<div class=\"elementor-column elementor-col-100 elementor-top-column elementor-element elementor-element-1390de8e\" data-id=\"1390de8e\" data-element_type=\"column\">\n\t\t\t<div class=\"elementor-widget-wrap elementor-element-populated\">\n\t\t\t\t\t\t\t\t<section class=\"elementor-section elementor-inner-section elementor-element elementor-element-511c0d93 elementor-section-boxed elementor-section-height-default elementor-section-height-default\" data-id=\"511c0d93\" data-element_type=\"section\" data-settings=\"{&quot;background_background&quot;:&quot;classic&quot;}\">\n\t\t\t\t\t\t\t<div class=\"elementor-background-overlay\"><\/div>\n\t\t\t\t\t\t\t<div class=\"elementor-container elementor-column-gap-no\">\n\t\t\t\t\t<div class=\"elementor-column elementor-col-50 elementor-inner-column elementor-element elementor-element-6db8fb17\" data-id=\"6db8fb17\" data-element_type=\"column\">\n\t\t\t<div class=\"elementor-widget-wrap elementor-element-populated\">\n\t\t\t\t\t\t\t\t<div class=\"elementor-element elementor-element-6d213bcf elementor-widget elementor-widget-elementskit-heading\" data-id=\"6d213bcf\" data-element_type=\"widget\" data-widget_type=\"elementskit-heading.default\">\n\t\t\t\t<div class=\"elementor-widget-container\">\n\t\t\t<div class=\"ekit-wid-con\" ><div class=\"ekit-heading elementskit-section-title-wraper text_left   ekit_heading_tablet-text_center   ekit_heading_mobile-\"><h5 class=\"elementskit-section-subtitle  \">\n\t\t\t\t\t\tTecnologia para Empresas\n\t\t\t\t\t<\/h5><h2 class=\"ekit-heading--title elementskit-section-title \">TREINAMENTO DE SISTEMAS<\/h2><\/div><\/div>\t\t<\/div>\n\t\t\t\t<\/div>\n\t\t\t\t\t<\/div>\n\t\t<\/div>\n\t\t\t\t<div class=\"elementor-column elementor-col-50 elementor-inner-column elementor-element elementor-element-6958b880\" data-id=\"6958b880\" data-element_type=\"column\">\n\t\t\t<div class=\"elementor-widget-wrap elementor-element-populated\">\n\t\t\t\t\t\t\t\t<div class=\"elementor-element elementor-element-bb04a4f elementor-widget elementor-widget-image\" data-id=\"bb04a4f\" data-element_type=\"widget\" data-widget_type=\"image.default\">\n\t\t\t\t<div class=\"elementor-widget-container\">\n\t\t\t<style>\/*! elementor - v3.15.0 - 20-08-2023 *\/\n.elementor-widget-image{text-align:center}.elementor-widget-image a{display:inline-block}.elementor-widget-image a img[src$=\".svg\"]{width:48px}.elementor-widget-image img{vertical-align:middle;display:inline-block}<\/style>\t\t\t\t\t\t\t\t\t\t\t\t<img loading=\"lazy\" decoding=\"async\" width=\"450\" height=\"645\" src=\"https:\/\/rm1.com.br\/wp-content\/uploads\/2024\/06\/logo-banner-home-orange-consulting.png\" class=\"attachment-large size-large wp-image-539\" alt=\"\" srcset=\"https:\/\/rm1.com.br\/wp-content\/uploads\/2024\/06\/logo-banner-home-orange-consulting.png 450w, https:\/\/rm1.com.br\/wp-content\/uploads\/2024\/06\/logo-banner-home-orange-consulting-209x300.png 209w\" sizes=\"auto, (max-width: 450px) 100vw, 450px\" \/>\t\t\t\t\t\t\t\t\t\t\t\t\t\t\t<\/div>\n\t\t\t\t<\/div>\n\t\t\t\t\t<\/div>\n\t\t<\/div>\n\t\t\t\t\t\t\t<\/div>\n\t\t<\/section>\n\t\t\t\t\t<\/div>\n\t\t<\/div>\n\t\t\t\t\t\t\t<\/div>\n\t\t<\/section>\n\t\t\t\t<section class=\"elementor-section elementor-top-section elementor-element elementor-element-3e7bc0d4 elementor-section-boxed elementor-section-height-default elementor-section-height-default\" data-id=\"3e7bc0d4\" data-element_type=\"section\">\n\t\t\t\t\t\t\t<div class=\"elementor-background-overlay\"><\/div>\n\t\t\t\t\t\t\t<div class=\"elementor-container elementor-column-gap-no\">\n\t\t\t\t\t<div class=\"elementor-column elementor-col-100 elementor-top-column elementor-element elementor-element-19fd5758\" data-id=\"19fd5758\" data-element_type=\"column\">\n\t\t\t<div class=\"elementor-widget-wrap elementor-element-populated\">\n\t\t\t\t\t\t\t\t<section class=\"elementor-section elementor-inner-section elementor-element elementor-element-556c30e7 elementor-section-boxed elementor-section-height-default elementor-section-height-default\" data-id=\"556c30e7\" data-element_type=\"section\">\n\t\t\t\t\t\t<div class=\"elementor-container elementor-column-gap-default\">\n\t\t\t\t\t<div class=\"elementor-column elementor-col-50 elementor-inner-column elementor-element elementor-element-4304a579\" data-id=\"4304a579\" data-element_type=\"column\" data-settings=\"{&quot;background_background&quot;:&quot;classic&quot;}\">\n\t\t\t<div class=\"elementor-widget-wrap elementor-element-populated\">\n\t\t\t\t\t<div class=\"elementor-background-overlay\"><\/div>\n\t\t\t\t\t\t\t\t<div class=\"elementor-element elementor-element-6928ef3d elementor-widget elementor-widget-image\" data-id=\"6928ef3d\" data-element_type=\"widget\" data-widget_type=\"image.default\">\n\t\t\t\t<div class=\"elementor-widget-container\">\n\t\t\t\t\t\t\t\t\t\t\t\t\t\t\t<img loading=\"lazy\" decoding=\"async\" width=\"800\" height=\"880\" src=\"https:\/\/rm1.com.br\/wp-content\/uploads\/2023\/09\/treinamento-sistema.jpg\" class=\"attachment-large size-large wp-image-473\" alt=\"\" srcset=\"https:\/\/rm1.com.br\/wp-content\/uploads\/2023\/09\/treinamento-sistema.jpg 800w, https:\/\/rm1.com.br\/wp-content\/uploads\/2023\/09\/treinamento-sistema-273x300.jpg 273w, https:\/\/rm1.com.br\/wp-content\/uploads\/2023\/09\/treinamento-sistema-768x845.jpg 768w, https:\/\/rm1.com.br\/wp-content\/uploads\/2023\/09\/treinamento-sistema-600x660.jpg 600w\" sizes=\"auto, (max-width: 800px) 100vw, 800px\" \/>\t\t\t\t\t\t\t\t\t\t\t\t\t\t\t<\/div>\n\t\t\t\t<\/div>\n\t\t\t\t\t<\/div>\n\t\t<\/div>\n\t\t\t\t<div class=\"elementor-column elementor-col-50 elementor-inner-column elementor-element elementor-element-7b54bc29\" data-id=\"7b54bc29\" data-element_type=\"column\">\n\t\t\t<div class=\"elementor-widget-wrap elementor-element-populated\">\n\t\t\t\t\t\t\t\t<div class=\"elementor-element elementor-element-409fd1a7 elementor-widget elementor-widget-elementskit-heading\" data-id=\"409fd1a7\" data-element_type=\"widget\" data-widget_type=\"elementskit-heading.default\">\n\t\t\t\t<div class=\"elementor-widget-container\">\n\t\t\t<div class=\"ekit-wid-con\" ><div class=\"ekit-heading elementskit-section-title-wraper text_left   ekit_heading_tablet-   ekit_heading_mobile-\"><h5 class=\"elementskit-section-subtitle  \">\n\t\t\t\t\t\tCapacita\u00e7\u00e3o\n\t\t\t\t\t<\/h5><h3 class=\"ekit-heading--title elementskit-section-title \">Treinamento de Sistemas<\/h3>\t\t\t\t<div class='ekit-heading__description'>\n\t\t\t\t\t<div class=\"group w-full text-token-text-primary border-b border-black\/10 dark:border-gray-900\/50 bg-gray-50 dark:bg-[#444654]\">\n<div class=\"p-4 justify-center text-base md:gap-6 md:py-6 m-auto\">\n<div class=\"flex flex-1 gap-4 text-base mx-auto md:gap-6 md:max-w-2xl lg:max-w-[38rem] xl:max-w-3xl }\">\n<div class=\"relative flex w-[calc(100%-50px)] flex-col gap-1 md:gap-3 lg:w-[calc(100%-115px)]\">\n<div class=\"flex flex-grow flex-col gap-3 max-w-full\">\n<div class=\"min-h-[20px] flex flex-col items-start gap-3 overflow-x-auto whitespace-pre-wrap break-words\">\n<div class=\"markdown prose w-full break-words dark:prose-invert light\">\n<p>A RM-1 Tecnologia se destaca como uma especialista em capacita\u00e7\u00e3o de equipes para a utiliza\u00e7\u00e3o de sistemas em diversos setores de mercado. Nosso amplo conhecimento abrange Tecnologia da Informa\u00e7\u00e3o, Hotelaria, Processos de Auditoria, Sistemas de Automa\u00e7\u00e3o Industrial e Comercial, bem como a aplica\u00e7\u00e3o das melhores pr\u00e1ticas em Regras de SCRUM &amp; Compliance.<\/p>\n<p>\u00a0<\/p>\n<h5>Escolha a RM-1 Tecnologia para a capacitar a sua equipe<\/h5>\n<p><strong>1. Experi\u00eancia Multissetorial<\/strong>: Nossa equipe de instrutores possui vasta experi\u00eancia em diferentes setores, permitindo-nos fornecer treinamentos adaptados \u00e0s necessidades espec\u00edficas de cada mercado.<\/p>\n<p><strong>2. Tecnologia Avan\u00e7ada:<\/strong> Estamos sempre atualizados com as mais recentes tecnologias e tend\u00eancias, garantindo que sua equipe aprenda as melhores pr\u00e1ticas e ferramentas mais atualizadas.<\/p>\n<p><strong>3. Abordagem Pr\u00e1tica:<\/strong> Nossos treinamentos s\u00e3o focados na aplica\u00e7\u00e3o pr\u00e1tica do conhecimento. Trabalhamos com exerc\u00edcios reais e cen\u00e1rios que os participantes enfrentar\u00e3o em seu ambiente de trabalho.<\/p>\n<p><strong>4. SCRUM &amp; Compliance:<\/strong> Oferecemos treinamentos especializados em SCRUM, um framework \u00e1gil amplamente adotado, e Compliance, garantindo que sua equipe esteja preparada para atender \u00e0s exig\u00eancias regulat\u00f3rias.<\/p>\n<p><strong>5. Customiza\u00e7\u00e3o<\/strong>\u00a0Adaptamos nossos programas de treinamento para atender \u00e0s necessidades espec\u00edficas da sua organiza\u00e7\u00e3o, garantindo que voc\u00ea obtenha o m\u00e1ximo retorno sobre o investimento em capacita\u00e7\u00e3o.<\/p>\n<\/div>\n<\/div>\n<\/div>\n<\/div>\n<\/div>\n<\/div>\n<\/div>\n\t\t\t\t<\/div>\n\t\t\t<\/div><\/div>\t\t<\/div>\n\t\t\t\t<\/div>\n\t\t\t\t\t<\/div>\n\t\t<\/div>\n\t\t\t\t\t\t\t<\/div>\n\t\t<\/section>\n\t\t\t\t\t<\/div>\n\t\t<\/div>\n\t\t\t\t\t\t\t<\/div>\n\t\t<\/section>\n\t\t\t\t<section class=\"elementor-section elementor-top-section elementor-element elementor-element-d825e63 elementor-section-boxed elementor-section-height-default elementor-section-height-default\" data-id=\"d825e63\" data-element_type=\"section\">\n\t\t\t\t\t\t<div class=\"elementor-container elementor-column-gap-default\">\n\t\t\t\t\t<div class=\"elementor-column elementor-col-100 elementor-top-column elementor-element elementor-element-3946f86\" data-id=\"3946f86\" data-element_type=\"column\">\n\t\t\t<div class=\"elementor-widget-wrap\">\n\t\t\t\t\t\t\t\t\t<\/div>\n\t\t<\/div>\n\t\t\t\t\t\t\t<\/div>\n\t\t<\/section>\n\t\t\t\t<section class=\"elementor-section elementor-top-section elementor-element elementor-element-d7171cb elementor-section-boxed elementor-section-height-default elementor-section-height-default\" data-id=\"d7171cb\" data-element_type=\"section\">\n\t\t\t\t\t\t\t<div class=\"elementor-background-overlay\"><\/div>\n\t\t\t\t\t\t\t<div class=\"elementor-container elementor-column-gap-no\">\n\t\t\t\t\t<div class=\"elementor-column elementor-col-100 elementor-top-column elementor-element elementor-element-7e178fa\" data-id=\"7e178fa\" data-element_type=\"column\">\n\t\t\t<div class=\"elementor-widget-wrap elementor-element-populated\">\n\t\t\t\t\t\t\t\t<div class=\"elementor-element elementor-element-529f4dc elementor-widget elementor-widget-heading\" data-id=\"529f4dc\" data-element_type=\"widget\" data-widget_type=\"heading.default\">\n\t\t\t\t<div class=\"elementor-widget-container\">\n\t\t\t<style>\/*! elementor - v3.15.0 - 20-08-2023 *\/\n.elementor-heading-title{padding:0;margin:0;line-height:1}.elementor-widget-heading .elementor-heading-title[class*=elementor-size-]>a{color:inherit;font-size:inherit;line-height:inherit}.elementor-widget-heading .elementor-heading-title.elementor-size-small{font-size:15px}.elementor-widget-heading .elementor-heading-title.elementor-size-medium{font-size:19px}.elementor-widget-heading .elementor-heading-title.elementor-size-large{font-size:29px}.elementor-widget-heading .elementor-heading-title.elementor-size-xl{font-size:39px}.elementor-widget-heading .elementor-heading-title.elementor-size-xxl{font-size:59px}<\/style><h3 class=\"elementor-heading-title elementor-size-default\">Alguns de nossos Clientes!\n<\/h3>\t\t<\/div>\n\t\t\t\t<\/div>\n\t\t\t\t<div class=\"elementor-element elementor-element-22b0e97 elementor-widget elementor-widget-spacer\" data-id=\"22b0e97\" data-element_type=\"widget\" data-widget_type=\"spacer.default\">\n\t\t\t\t<div class=\"elementor-widget-container\">\n\t\t\t<style>\/*! elementor - v3.15.0 - 20-08-2023 *\/\n.elementor-column .elementor-spacer-inner{height:var(--spacer-size)}.e-con{--container-widget-width:100%}.e-con-inner>.elementor-widget-spacer,.e-con>.elementor-widget-spacer{width:var(--container-widget-width,var(--spacer-size));--align-self:var(--container-widget-align-self,initial);--flex-shrink:0}.e-con-inner>.elementor-widget-spacer>.elementor-widget-container,.e-con-inner>.elementor-widget-spacer>.elementor-widget-container>.elementor-spacer,.e-con>.elementor-widget-spacer>.elementor-widget-container,.e-con>.elementor-widget-spacer>.elementor-widget-container>.elementor-spacer{height:100%}.e-con-inner>.elementor-widget-spacer>.elementor-widget-container>.elementor-spacer>.elementor-spacer-inner,.e-con>.elementor-widget-spacer>.elementor-widget-container>.elementor-spacer>.elementor-spacer-inner{height:var(--container-widget-height,var(--spacer-size))}<\/style>\t\t<div class=\"elementor-spacer\">\n\t\t\t<div class=\"elementor-spacer-inner\"><\/div>\n\t\t<\/div>\n\t\t\t\t<\/div>\n\t\t\t\t<\/div>\n\t\t\t\t<div class=\"elementor-element elementor-element-2c3018b elementor-arrows-position-inside elementor-pagination-position-outside elementor-widget elementor-widget-image-carousel\" data-id=\"2c3018b\" data-element_type=\"widget\" data-settings=\"{&quot;slides_to_show&quot;:&quot;4&quot;,&quot;navigation&quot;:&quot;both&quot;,&quot;autoplay&quot;:&quot;yes&quot;,&quot;pause_on_hover&quot;:&quot;yes&quot;,&quot;pause_on_interaction&quot;:&quot;yes&quot;,&quot;autoplay_speed&quot;:5000,&quot;infinite&quot;:&quot;yes&quot;,&quot;speed&quot;:500}\" data-widget_type=\"image-carousel.default\">\n\t\t\t\t<div class=\"elementor-widget-container\">\n\t\t\t<style>\/*! elementor - v3.15.0 - 20-08-2023 *\/\n.elementor-widget-image-carousel .swiper,.elementor-widget-image-carousel .swiper-container{position:static}.elementor-widget-image-carousel .swiper-container .swiper-slide figure,.elementor-widget-image-carousel .swiper .swiper-slide figure{line-height:inherit}.elementor-widget-image-carousel .swiper-slide{text-align:center}.elementor-image-carousel-wrapper:not(.swiper-container-initialized):not(.swiper-initialized) .swiper-slide{max-width:calc(100% \/ var(--e-image-carousel-slides-to-show, 3))}<\/style>\t\t<div class=\"elementor-image-carousel-wrapper swiper\" dir=\"ltr\">\n\t\t\t<div class=\"elementor-image-carousel swiper-wrapper\" aria-live=\"off\">\n\t\t\t\t\t\t\t\t<div class=\"swiper-slide\" role=\"group\" aria-roledescription=\"slide\" aria-label=\"1 of 9\"><figure class=\"swiper-slide-inner\"><img decoding=\"async\" class=\"swiper-slide-image\" src=\"https:\/\/rm1.com.br\/wp-content\/uploads\/2023\/09\/afl-sistemas.jpg\" alt=\"afl-sistemas\" \/><\/figure><\/div><div class=\"swiper-slide\" role=\"group\" aria-roledescription=\"slide\" aria-label=\"2 of 9\"><figure class=\"swiper-slide-inner\"><img decoding=\"async\" class=\"swiper-slide-image\" src=\"https:\/\/rm1.com.br\/wp-content\/uploads\/2023\/09\/turismar.jpg\" alt=\"turismar\" \/><\/figure><\/div><div class=\"swiper-slide\" role=\"group\" aria-roledescription=\"slide\" aria-label=\"3 of 9\"><figure class=\"swiper-slide-inner\"><img decoding=\"async\" class=\"swiper-slide-image\" src=\"https:\/\/rm1.com.br\/wp-content\/uploads\/2023\/09\/supercon.jpg\" alt=\"supercon\" \/><\/figure><\/div><div class=\"swiper-slide\" role=\"group\" aria-roledescription=\"slide\" aria-label=\"4 of 9\"><figure class=\"swiper-slide-inner\"><img decoding=\"async\" class=\"swiper-slide-image\" src=\"https:\/\/rm1.com.br\/wp-content\/uploads\/2023\/09\/santa-casa.jpg\" alt=\"santa-casa\" \/><\/figure><\/div><div class=\"swiper-slide\" role=\"group\" aria-roledescription=\"slide\" aria-label=\"5 of 9\"><figure class=\"swiper-slide-inner\"><img decoding=\"async\" class=\"swiper-slide-image\" src=\"https:\/\/rm1.com.br\/wp-content\/uploads\/2023\/09\/safema.jpg\" alt=\"safema\" \/><\/figure><\/div><div class=\"swiper-slide\" role=\"group\" aria-roledescription=\"slide\" aria-label=\"6 of 9\"><figure class=\"swiper-slide-inner\"><img decoding=\"async\" class=\"swiper-slide-image\" src=\"https:\/\/rm1.com.br\/wp-content\/uploads\/2023\/09\/onecare.jpg\" alt=\"onecare\" \/><\/figure><\/div><div class=\"swiper-slide\" role=\"group\" aria-roledescription=\"slide\" aria-label=\"7 of 9\"><figure class=\"swiper-slide-inner\"><img decoding=\"async\" class=\"swiper-slide-image\" src=\"https:\/\/rm1.com.br\/wp-content\/uploads\/2023\/09\/oderbrech.jpg\" alt=\"oderbrech\" \/><\/figure><\/div><div class=\"swiper-slide\" role=\"group\" aria-roledescription=\"slide\" aria-label=\"8 of 9\"><figure class=\"swiper-slide-inner\"><img decoding=\"async\" class=\"swiper-slide-image\" src=\"https:\/\/rm1.com.br\/wp-content\/uploads\/2023\/09\/conectcar.jpg\" alt=\"conectcar\" \/><\/figure><\/div><div class=\"swiper-slide\" role=\"group\" aria-roledescription=\"slide\" aria-label=\"9 of 9\"><figure class=\"swiper-slide-inner\"><img decoding=\"async\" class=\"swiper-slide-image\" src=\"https:\/\/rm1.com.br\/wp-content\/uploads\/2023\/09\/cedros.jpg\" alt=\"cedros\" \/><\/figure><\/div>\t\t\t<\/div>\n\t\t\t\t\t\t\t\t\t\t\t\t<div class=\"elementor-swiper-button elementor-swiper-button-prev\" role=\"button\" tabindex=\"0\">\n\t\t\t\t\t\t<i aria-hidden=\"true\" class=\"eicon-chevron-left\"><\/i>\t\t\t\t\t<\/div>\n\t\t\t\t\t<div class=\"elementor-swiper-button elementor-swiper-button-next\" role=\"button\" tabindex=\"0\">\n\t\t\t\t\t\t<i aria-hidden=\"true\" class=\"eicon-chevron-right\"><\/i>\t\t\t\t\t<\/div>\n\t\t\t\t\n\t\t\t\t\t\t\t\t\t<div class=\"swiper-pagination\"><\/div>\n\t\t\t\t\t\t\t\t\t<\/div>\n\t\t\t\t<\/div>\n\t\t\t\t<\/div>\n\t\t\t\t\t<\/div>\n\t\t<\/div>\n\t\t\t\t\t\t\t<\/div>\n\t\t<\/section>\n\t\t\t\t\t\t\t<\/div>\n\t\t","protected":false},"excerpt":{"rendered":"<p>Tecnologia para Empresas TREINAMENTO DE SISTEMAS Capacita\u00e7\u00e3o Treinamento de Sistemas A RM-1 Tecnologia se destaca como uma especialista em capacita\u00e7\u00e3o de equipes para a utiliza\u00e7\u00e3o de sistemas em diversos setores de mercado. Nosso amplo conhecimento abrange Tecnologia da Informa\u00e7\u00e3o, Hotelaria, Processos de Auditoria, Sistemas de Automa\u00e7\u00e3o Industrial e Comercial, bem como a aplica\u00e7\u00e3o das melhores [&hellip;]<\/p>\n","protected":false},"author":1,"featured_media":0,"parent":0,"menu_order":0,"comment_status":"closed","ping_status":"closed","template":"elementor_header_footer","meta":{"footnotes":""},"class_list":["post-470","page","type-page","status-publish","hentry"],"yoast_head":"<!-- This site is optimized with the Yoast SEO plugin v21.2 - https:\/\/yoast.com\/wordpress\/plugins\/seo\/ -->\n<title>TREINAMENTO DE SISTEMA - RM1<\/title>\n<meta name=\"robots\" content=\"index, follow, max-snippet:-1, max-image-preview:large, max-video-preview:-1\" \/>\n<link rel=\"canonical\" href=\"https:\/\/rm1.com.br\/?page_id=470\" \/>\n<meta property=\"og:locale\" content=\"en_US\" \/>\n<meta property=\"og:type\" content=\"article\" \/>\n<meta property=\"og:title\" content=\"TREINAMENTO DE SISTEMA - RM1\" \/>\n<meta property=\"og:description\" content=\"Tecnologia para Empresas TREINAMENTO DE SISTEMAS Capacita\u00e7\u00e3o Treinamento de Sistemas A RM-1 Tecnologia se destaca como uma especialista em capacita\u00e7\u00e3o de equipes para a utiliza\u00e7\u00e3o de sistemas em diversos setores de mercado. Nosso amplo conhecimento abrange Tecnologia da Informa\u00e7\u00e3o, Hotelaria, Processos de Auditoria, Sistemas de Automa\u00e7\u00e3o Industrial e Comercial, bem como a aplica\u00e7\u00e3o das melhores [&hellip;]\" \/>\n<meta property=\"og:url\" content=\"https:\/\/rm1.com.br\/?page_id=470\" \/>\n<meta property=\"og:site_name\" content=\"RM1\" \/>\n<meta property=\"article:publisher\" content=\"https:\/\/www.facebook.com\/rmtechnologiesbr\/\" \/>\n<meta property=\"article:modified_time\" content=\"2024-06-28T13:25:27+00:00\" \/>\n<meta property=\"og:image\" content=\"https:\/\/rm1.com.br\/wp-content\/uploads\/2024\/06\/logo-banner-home-orange-consulting.png\" \/>\n<meta name=\"twitter:card\" content=\"summary_large_image\" \/>\n<meta name=\"twitter:label1\" content=\"Est. reading time\" \/>\n\t<meta name=\"twitter:data1\" content=\"5 minutes\" \/>\n<script type=\"application\/ld+json\" class=\"yoast-schema-graph\">{\"@context\":\"https:\/\/schema.org\",\"@graph\":[{\"@type\":\"WebPage\",\"@id\":\"https:\/\/rm1.com.br\/?page_id=470\",\"url\":\"https:\/\/rm1.com.br\/?page_id=470\",\"name\":\"TREINAMENTO DE SISTEMA - RM1\",\"isPartOf\":{\"@id\":\"https:\/\/rm1.com.br\/#website\"},\"datePublished\":\"2023-09-18T16:20:21+00:00\",\"dateModified\":\"2024-06-28T13:25:27+00:00\",\"breadcrumb\":{\"@id\":\"https:\/\/rm1.com.br\/?page_id=470#breadcrumb\"},\"inLanguage\":\"en-US\",\"potentialAction\":[{\"@type\":\"ReadAction\",\"target\":[\"https:\/\/rm1.com.br\/?page_id=470\"]}]},{\"@type\":\"BreadcrumbList\",\"@id\":\"https:\/\/rm1.com.br\/?page_id=470#breadcrumb\",\"itemListElement\":[{\"@type\":\"ListItem\",\"position\":1,\"name\":\"Home\",\"item\":\"https:\/\/rm1.com.br\/\"},{\"@type\":\"ListItem\",\"position\":2,\"name\":\"TREINAMENTO DE SISTEMA\"}]},{\"@type\":\"WebSite\",\"@id\":\"https:\/\/rm1.com.br\/#website\",\"url\":\"https:\/\/rm1.com.br\/\",\"name\":\"RM1\",\"description\":\"\",\"publisher\":{\"@id\":\"https:\/\/rm1.com.br\/#organization\"},\"potentialAction\":[{\"@type\":\"SearchAction\",\"target\":{\"@type\":\"EntryPoint\",\"urlTemplate\":\"https:\/\/rm1.com.br\/?s={search_term_string}\"},\"query-input\":\"required name=search_term_string\"}],\"inLanguage\":\"en-US\"},{\"@type\":\"Organization\",\"@id\":\"https:\/\/rm1.com.br\/#organization\",\"name\":\"RM1\",\"url\":\"https:\/\/rm1.com.br\/\",\"logo\":{\"@type\":\"ImageObject\",\"inLanguage\":\"en-US\",\"@id\":\"https:\/\/rm1.com.br\/#\/schema\/logo\/image\/\",\"url\":\"https:\/\/rm1.com.br\/wp-content\/uploads\/2023\/09\/brand-home-white.png\",\"contentUrl\":\"https:\/\/rm1.com.br\/wp-content\/uploads\/2023\/09\/brand-home-white.png\",\"width\":350,\"height\":100,\"caption\":\"RM1\"},\"image\":{\"@id\":\"https:\/\/rm1.com.br\/#\/schema\/logo\/image\/\"},\"sameAs\":[\"https:\/\/www.facebook.com\/rmtechnologiesbr\/\",\"https:\/\/www.instagram.com\/rm1tecnologia\/\"]}]}<\/script>\n<!-- \/ Yoast SEO plugin. -->","yoast_head_json":{"title":"TREINAMENTO DE SISTEMA - RM1","robots":{"index":"index","follow":"follow","max-snippet":"max-snippet:-1","max-image-preview":"max-image-preview:large","max-video-preview":"max-video-preview:-1"},"canonical":"https:\/\/rm1.com.br\/?page_id=470","og_locale":"en_US","og_type":"article","og_title":"TREINAMENTO DE SISTEMA - RM1","og_description":"Tecnologia para Empresas TREINAMENTO DE SISTEMAS Capacita\u00e7\u00e3o Treinamento de Sistemas A RM-1 Tecnologia se destaca como uma especialista em capacita\u00e7\u00e3o de equipes para a utiliza\u00e7\u00e3o de sistemas em diversos setores de mercado. Nosso amplo conhecimento abrange Tecnologia da Informa\u00e7\u00e3o, Hotelaria, Processos de Auditoria, Sistemas de Automa\u00e7\u00e3o Industrial e Comercial, bem como a aplica\u00e7\u00e3o das melhores [&hellip;]","og_url":"https:\/\/rm1.com.br\/?page_id=470","og_site_name":"RM1","article_publisher":"https:\/\/www.facebook.com\/rmtechnologiesbr\/","article_modified_time":"2024-06-28T13:25:27+00:00","og_image":[{"url":"https:\/\/rm1.com.br\/wp-content\/uploads\/2024\/06\/logo-banner-home-orange-consulting.png"}],"twitter_card":"summary_large_image","twitter_misc":{"Est. reading time":"5 minutes"},"schema":{"@context":"https:\/\/schema.org","@graph":[{"@type":"WebPage","@id":"https:\/\/rm1.com.br\/?page_id=470","url":"https:\/\/rm1.com.br\/?page_id=470","name":"TREINAMENTO DE SISTEMA - RM1","isPartOf":{"@id":"https:\/\/rm1.com.br\/#website"},"datePublished":"2023-09-18T16:20:21+00:00","dateModified":"2024-06-28T13:25:27+00:00","breadcrumb":{"@id":"https:\/\/rm1.com.br\/?page_id=470#breadcrumb"},"inLanguage":"en-US","potentialAction":[{"@type":"ReadAction","target":["https:\/\/rm1.com.br\/?page_id=470"]}]},{"@type":"BreadcrumbList","@id":"https:\/\/rm1.com.br\/?page_id=470#breadcrumb","itemListElement":[{"@type":"ListItem","position":1,"name":"Home","item":"https:\/\/rm1.com.br\/"},{"@type":"ListItem","position":2,"name":"TREINAMENTO DE SISTEMA"}]},{"@type":"WebSite","@id":"https:\/\/rm1.com.br\/#website","url":"https:\/\/rm1.com.br\/","name":"RM1","description":"","publisher":{"@id":"https:\/\/rm1.com.br\/#organization"},"potentialAction":[{"@type":"SearchAction","target":{"@type":"EntryPoint","urlTemplate":"https:\/\/rm1.com.br\/?s={search_term_string}"},"query-input":"required name=search_term_string"}],"inLanguage":"en-US"},{"@type":"Organization","@id":"https:\/\/rm1.com.br\/#organization","name":"RM1","url":"https:\/\/rm1.com.br\/","logo":{"@type":"ImageObject","inLanguage":"en-US","@id":"https:\/\/rm1.com.br\/#\/schema\/logo\/image\/","url":"https:\/\/rm1.com.br\/wp-content\/uploads\/2023\/09\/brand-home-white.png","contentUrl":"https:\/\/rm1.com.br\/wp-content\/uploads\/2023\/09\/brand-home-white.png","width":350,"height":100,"caption":"RM1"},"image":{"@id":"https:\/\/rm1.com.br\/#\/schema\/logo\/image\/"},"sameAs":["https:\/\/www.facebook.com\/rmtechnologiesbr\/","https:\/\/www.instagram.com\/rm1tecnologia\/"]}]}},"_links":{"self":[{"href":"https:\/\/rm1.com.br\/index.php?rest_route=\/wp\/v2\/pages\/470","targetHints":{"allow":["GET"]}}],"collection":[{"href":"https:\/\/rm1.com.br\/index.php?rest_route=\/wp\/v2\/pages"}],"about":[{"href":"https:\/\/rm1.com.br\/index.php?rest_route=\/wp\/v2\/types\/page"}],"author":[{"embeddable":true,"href":"https:\/\/rm1.com.br\/index.php?rest_route=\/wp\/v2\/users\/1"}],"replies":[{"embeddable":true,"href":"https:\/\/rm1.com.br\/index.php?rest_route=%2Fwp%2Fv2%2Fcomments&post=470"}],"version-history":[{"count":7,"href":"https:\/\/rm1.com.br\/index.php?rest_route=\/wp\/v2\/pages\/470\/revisions"}],"predecessor-version":[{"id":563,"href":"https:\/\/rm1.com.br\/index.php?rest_route=\/wp\/v2\/pages\/470\/revisions\/563"}],"wp:attachment":[{"href":"https:\/\/rm1.com.br\/index.php?rest_route=%2Fwp%2Fv2%2Fmedia&parent=470"}],"curies":[{"name":"wp","href":"https:\/\/api.w.org\/{rel}","templated":true}]}}