{"id":304,"date":"2023-09-15T16:06:08","date_gmt":"2023-09-15T19:06:08","guid":{"rendered":"http:\/\/rm1.com.br\/?page_id=304"},"modified":"2024-06-28T10:22:54","modified_gmt":"2024-06-28T13:22:54","slug":"opera-micros","status":"publish","type":"page","link":"https:\/\/rm1.com.br\/?page_id=304","title":{"rendered":"Opera\/Micros"},"content":{"rendered":"\t\t<div data-elementor-type=\"wp-page\" data-elementor-id=\"304\" class=\"elementor elementor-304\" data-elementor-post-type=\"page\">\n\t\t\t\t\t\t\t\t\t<section class=\"elementor-section elementor-top-section elementor-element elementor-element-50b85bb7 elementor-section-boxed elementor-section-height-default elementor-section-height-default\" data-id=\"50b85bb7\" data-element_type=\"section\" data-settings=\"{&quot;background_background&quot;:&quot;slideshow&quot;,&quot;background_slideshow_gallery&quot;:[{&quot;id&quot;:350,&quot;url&quot;:&quot;http:\\\/\\\/rm1.com.br\\\/wp-content\\\/uploads\\\/2023\\\/09\\\/opera-micros-1.jpg&quot;}],&quot;background_slideshow_loop&quot;:&quot;yes&quot;,&quot;background_slideshow_slide_duration&quot;:5000,&quot;background_slideshow_slide_transition&quot;:&quot;fade&quot;,&quot;background_slideshow_transition_duration&quot;:500}\">\n\t\t\t\t\t\t\t<div class=\"elementor-background-overlay\"><\/div>\n\t\t\t\t\t\t\t<div class=\"elementor-container elementor-column-gap-no\">\n\t\t\t\t\t<div class=\"elementor-column elementor-col-100 elementor-top-column elementor-element elementor-element-1390de8e\" data-id=\"1390de8e\" data-element_type=\"column\">\n\t\t\t<div class=\"elementor-widget-wrap elementor-element-populated\">\n\t\t\t\t\t\t\t\t<section class=\"elementor-section elementor-inner-section elementor-element elementor-element-511c0d93 elementor-section-boxed elementor-section-height-default elementor-section-height-default\" data-id=\"511c0d93\" data-element_type=\"section\" data-settings=\"{&quot;background_background&quot;:&quot;classic&quot;}\">\n\t\t\t\t\t\t\t<div class=\"elementor-background-overlay\"><\/div>\n\t\t\t\t\t\t\t<div class=\"elementor-container elementor-column-gap-no\">\n\t\t\t\t\t<div class=\"elementor-column elementor-col-50 elementor-inner-column elementor-element elementor-element-6db8fb17\" data-id=\"6db8fb17\" data-element_type=\"column\">\n\t\t\t<div class=\"elementor-widget-wrap elementor-element-populated\">\n\t\t\t\t\t\t\t\t<div class=\"elementor-element elementor-element-6d213bcf elementor-widget elementor-widget-elementskit-heading\" data-id=\"6d213bcf\" data-element_type=\"widget\" data-widget_type=\"elementskit-heading.default\">\n\t\t\t\t<div class=\"elementor-widget-container\">\n\t\t\t<div class=\"ekit-wid-con\" ><div class=\"ekit-heading elementskit-section-title-wraper text_left   ekit_heading_tablet-text_center   ekit_heading_mobile-\"><h5 class=\"elementskit-section-subtitle  \">\n\t\t\t\t\t\tTecnologia para Hot\u00e9is\n\t\t\t\t\t<\/h5><h2 class=\"ekit-heading--title elementskit-section-title \">Opera\/Micros<\/h2><\/div><\/div>\t\t<\/div>\n\t\t\t\t<\/div>\n\t\t\t\t\t<\/div>\n\t\t<\/div>\n\t\t\t\t<div class=\"elementor-column elementor-col-50 elementor-inner-column elementor-element elementor-element-6958b880\" data-id=\"6958b880\" data-element_type=\"column\">\n\t\t\t<div class=\"elementor-widget-wrap elementor-element-populated\">\n\t\t\t\t\t\t\t\t<div class=\"elementor-element elementor-element-bb04a4f elementor-widget elementor-widget-image\" data-id=\"bb04a4f\" data-element_type=\"widget\" data-widget_type=\"image.default\">\n\t\t\t\t<div class=\"elementor-widget-container\">\n\t\t\t<style>\/*! elementor - v3.15.0 - 20-08-2023 *\/\n.elementor-widget-image{text-align:center}.elementor-widget-image a{display:inline-block}.elementor-widget-image a img[src$=\".svg\"]{width:48px}.elementor-widget-image img{vertical-align:middle;display:inline-block}<\/style>\t\t\t\t\t\t\t\t\t\t\t\t<img loading=\"lazy\" decoding=\"async\" width=\"450\" height=\"645\" src=\"https:\/\/rm1.com.br\/wp-content\/uploads\/2024\/06\/logo-banner-home-orange-consulting.png\" class=\"attachment-large size-large wp-image-539\" alt=\"\" srcset=\"https:\/\/rm1.com.br\/wp-content\/uploads\/2024\/06\/logo-banner-home-orange-consulting.png 450w, https:\/\/rm1.com.br\/wp-content\/uploads\/2024\/06\/logo-banner-home-orange-consulting-209x300.png 209w\" sizes=\"auto, (max-width: 450px) 100vw, 450px\" \/>\t\t\t\t\t\t\t\t\t\t\t\t\t\t\t<\/div>\n\t\t\t\t<\/div>\n\t\t\t\t\t<\/div>\n\t\t<\/div>\n\t\t\t\t\t\t\t<\/div>\n\t\t<\/section>\n\t\t\t\t\t<\/div>\n\t\t<\/div>\n\t\t\t\t\t\t\t<\/div>\n\t\t<\/section>\n\t\t\t\t<section class=\"elementor-section elementor-top-section elementor-element elementor-element-3e7bc0d4 elementor-section-boxed elementor-section-height-default elementor-section-height-default\" data-id=\"3e7bc0d4\" data-element_type=\"section\">\n\t\t\t\t\t\t\t<div class=\"elementor-background-overlay\"><\/div>\n\t\t\t\t\t\t\t<div class=\"elementor-container elementor-column-gap-no\">\n\t\t\t\t\t<div class=\"elementor-column elementor-col-100 elementor-top-column elementor-element elementor-element-19fd5758\" data-id=\"19fd5758\" data-element_type=\"column\">\n\t\t\t<div class=\"elementor-widget-wrap elementor-element-populated\">\n\t\t\t\t\t\t\t\t<section class=\"elementor-section elementor-inner-section elementor-element elementor-element-556c30e7 elementor-section-boxed elementor-section-height-default elementor-section-height-default\" data-id=\"556c30e7\" data-element_type=\"section\">\n\t\t\t\t\t\t<div class=\"elementor-container elementor-column-gap-default\">\n\t\t\t\t\t<div class=\"elementor-column elementor-col-50 elementor-inner-column elementor-element elementor-element-7b54bc29\" data-id=\"7b54bc29\" data-element_type=\"column\">\n\t\t\t<div class=\"elementor-widget-wrap elementor-element-populated\">\n\t\t\t\t\t\t\t\t<div class=\"elementor-element elementor-element-409fd1a7 elementor-widget elementor-widget-elementskit-heading\" data-id=\"409fd1a7\" data-element_type=\"widget\" data-widget_type=\"elementskit-heading.default\">\n\t\t\t\t<div class=\"elementor-widget-container\">\n\t\t\t<div class=\"ekit-wid-con\" ><div class=\"ekit-heading elementskit-section-title-wraper text_left   ekit_heading_tablet-   ekit_heading_mobile-\"><h5 class=\"elementskit-section-subtitle  \">\n\t\t\t\t\t\tImplementa\u00e7\u00e3o \/ Migra\u00e7\u00e3o\n\t\t\t\t\t<\/h5><h3 class=\"ekit-heading--title elementskit-section-title \">Opera | Micros<\/h3>\t\t\t\t<div class='ekit-heading__description'>\n\t\t\t\t\t<p>Opera\u00e7\u00e3o Micros: Fornecemos servi\u00e7os de implementa\u00e7\u00e3o e migra\u00e7\u00e3o para ajudar sua empresa a adotar o sistema Micros de forma eficaz.<\/p>\n\t\t\t\t<\/div>\n\t\t\t<\/div><\/div>\t\t<\/div>\n\t\t\t\t<\/div>\n\t\t\t\t<div class=\"elementor-element elementor-element-7e50d42c elementor-icon-list--layout-traditional elementor-list-item-link-full_width elementor-widget elementor-widget-icon-list\" data-id=\"7e50d42c\" data-element_type=\"widget\" data-widget_type=\"icon-list.default\">\n\t\t\t\t<div class=\"elementor-widget-container\">\n\t\t\t<link rel=\"stylesheet\" href=\"https:\/\/rm1.com.br\/wp-content\/plugins\/elementor\/assets\/css\/widget-icon-list.min.css\">\t\t<ul class=\"elementor-icon-list-items\">\n\t\t\t\t\t\t\t<li class=\"elementor-icon-list-item\">\n\t\t\t\t\t\t\t\t\t\t\t<span class=\"elementor-icon-list-icon\">\n\t\t\t\t\t\t\t<i aria-hidden=\"true\" class=\"fas fa-check\"><\/i>\t\t\t\t\t\t<\/span>\n\t\t\t\t\t\t\t\t\t\t<span class=\"elementor-icon-list-text\">Monitoramento 24\u00d77: Oferecemos um monitoramento constante para garantir que seu sistema Micros funcione sem problemas o tempo todo.<\/span>\n\t\t\t\t\t\t\t\t\t<\/li>\n\t\t\t\t\t\t\t\t<li class=\"elementor-icon-list-item\">\n\t\t\t\t\t\t\t\t\t\t\t<span class=\"elementor-icon-list-icon\">\n\t\t\t\t\t\t\t<i aria-hidden=\"true\" class=\"fas fa-check\"><\/i>\t\t\t\t\t\t<\/span>\n\t\t\t\t\t\t\t\t\t\t<span class=\"elementor-icon-list-text\">Suporte Local e Remoto: Estamos dispon\u00edveis para fornecer suporte tanto localmente quanto remotamente, garantindo que voc\u00ea tenha assist\u00eancia quando precisar.<\/span>\n\t\t\t\t\t\t\t\t\t<\/li>\n\t\t\t\t\t\t\t\t<li class=\"elementor-icon-list-item\">\n\t\t\t\t\t\t\t\t\t\t\t<span class=\"elementor-icon-list-icon\">\n\t\t\t\t\t\t\t<i aria-hidden=\"true\" class=\"fas fa-check\"><\/i>\t\t\t\t\t\t<\/span>\n\t\t\t\t\t\t\t\t\t\t<span class=\"elementor-icon-list-text\">Melhoria Cont\u00ednua: Trabalhamos continuamente para aprimorar seus sistemas Micros, garantindo que eles estejam sempre atualizados e otimizados.<\/span>\n\t\t\t\t\t\t\t\t\t<\/li>\n\t\t\t\t\t\t\t\t<li class=\"elementor-icon-list-item\">\n\t\t\t\t\t\t\t\t\t\t\t<span class=\"elementor-icon-list-icon\">\n\t\t\t\t\t\t\t<i aria-hidden=\"true\" class=\"fas fa-check\"><\/i>\t\t\t\t\t\t<\/span>\n\t\t\t\t\t\t\t\t\t\t<span class=\"elementor-icon-list-text\">Relat\u00f3rios Detalhados: Fornecemos relat\u00f3rios detalhados para que voc\u00ea possa acompanhar o desempenho de seus sistemas Micros e tomar decis\u00f5es informadas para o seu neg\u00f3cio.<\/span>\n\t\t\t\t\t\t\t\t\t<\/li>\n\t\t\t\t\t\t<\/ul>\n\t\t\t\t<\/div>\n\t\t\t\t<\/div>\n\t\t\t\t\t<\/div>\n\t\t<\/div>\n\t\t\t\t<div class=\"elementor-column elementor-col-50 elementor-inner-column elementor-element elementor-element-4304a579\" data-id=\"4304a579\" data-element_type=\"column\" data-settings=\"{&quot;background_background&quot;:&quot;classic&quot;}\">\n\t\t\t<div class=\"elementor-widget-wrap elementor-element-populated\">\n\t\t\t\t\t<div class=\"elementor-background-overlay\"><\/div>\n\t\t\t\t\t\t\t\t<div class=\"elementor-element elementor-element-6928ef3d elementor-widget elementor-widget-image\" data-id=\"6928ef3d\" data-element_type=\"widget\" data-widget_type=\"image.default\">\n\t\t\t\t<div class=\"elementor-widget-container\">\n\t\t\t\t\t\t\t\t\t\t\t\t\t\t\t<img loading=\"lazy\" decoding=\"async\" width=\"800\" height=\"880\" src=\"https:\/\/rm1.com.br\/wp-content\/uploads\/2023\/09\/banner-micros.jpg\" class=\"attachment-large size-large wp-image-355\" alt=\"\" srcset=\"https:\/\/rm1.com.br\/wp-content\/uploads\/2023\/09\/banner-micros.jpg 800w, https:\/\/rm1.com.br\/wp-content\/uploads\/2023\/09\/banner-micros-273x300.jpg 273w, https:\/\/rm1.com.br\/wp-content\/uploads\/2023\/09\/banner-micros-768x845.jpg 768w, https:\/\/rm1.com.br\/wp-content\/uploads\/2023\/09\/banner-micros-600x660.jpg 600w\" sizes=\"auto, (max-width: 800px) 100vw, 800px\" \/>\t\t\t\t\t\t\t\t\t\t\t\t\t\t\t<\/div>\n\t\t\t\t<\/div>\n\t\t\t\t\t<\/div>\n\t\t<\/div>\n\t\t\t\t\t\t\t<\/div>\n\t\t<\/section>\n\t\t\t\t\t<\/div>\n\t\t<\/div>\n\t\t\t\t\t\t\t<\/div>\n\t\t<\/section>\n\t\t\t\t<section class=\"elementor-section elementor-top-section elementor-element elementor-element-6307f8f8 elementor-section-boxed elementor-section-height-default elementor-section-height-default\" data-id=\"6307f8f8\" data-element_type=\"section\">\n\t\t\t\t\t\t\t<div class=\"elementor-background-overlay\"><\/div>\n\t\t\t\t\t\t\t<div class=\"elementor-container elementor-column-gap-no\">\n\t\t\t\t\t<div class=\"elementor-column elementor-col-100 elementor-top-column elementor-element elementor-element-78f4e343\" data-id=\"78f4e343\" data-element_type=\"column\">\n\t\t\t<div class=\"elementor-widget-wrap elementor-element-populated\">\n\t\t\t\t\t\t\t\t<div class=\"elementor-element elementor-element-f0ab88e elementor-widget elementor-widget-heading\" data-id=\"f0ab88e\" data-element_type=\"widget\" data-widget_type=\"heading.default\">\n\t\t\t\t<div class=\"elementor-widget-container\">\n\t\t\t<style>\/*! elementor - v3.15.0 - 20-08-2023 *\/\n.elementor-heading-title{padding:0;margin:0;line-height:1}.elementor-widget-heading .elementor-heading-title[class*=elementor-size-]>a{color:inherit;font-size:inherit;line-height:inherit}.elementor-widget-heading .elementor-heading-title.elementor-size-small{font-size:15px}.elementor-widget-heading .elementor-heading-title.elementor-size-medium{font-size:19px}.elementor-widget-heading .elementor-heading-title.elementor-size-large{font-size:29px}.elementor-widget-heading .elementor-heading-title.elementor-size-xl{font-size:39px}.elementor-widget-heading .elementor-heading-title.elementor-size-xxl{font-size:59px}<\/style><h3 class=\"elementor-heading-title elementor-size-default\">Alguns de nossos Clientes!\n<\/h3>\t\t<\/div>\n\t\t\t\t<\/div>\n\t\t\t\t<div class=\"elementor-element elementor-element-5e63ed9 elementor-widget elementor-widget-spacer\" data-id=\"5e63ed9\" data-element_type=\"widget\" data-widget_type=\"spacer.default\">\n\t\t\t\t<div class=\"elementor-widget-container\">\n\t\t\t<style>\/*! elementor - v3.15.0 - 20-08-2023 *\/\n.elementor-column .elementor-spacer-inner{height:var(--spacer-size)}.e-con{--container-widget-width:100%}.e-con-inner>.elementor-widget-spacer,.e-con>.elementor-widget-spacer{width:var(--container-widget-width,var(--spacer-size));--align-self:var(--container-widget-align-self,initial);--flex-shrink:0}.e-con-inner>.elementor-widget-spacer>.elementor-widget-container,.e-con-inner>.elementor-widget-spacer>.elementor-widget-container>.elementor-spacer,.e-con>.elementor-widget-spacer>.elementor-widget-container,.e-con>.elementor-widget-spacer>.elementor-widget-container>.elementor-spacer{height:100%}.e-con-inner>.elementor-widget-spacer>.elementor-widget-container>.elementor-spacer>.elementor-spacer-inner,.e-con>.elementor-widget-spacer>.elementor-widget-container>.elementor-spacer>.elementor-spacer-inner{height:var(--container-widget-height,var(--spacer-size))}<\/style>\t\t<div class=\"elementor-spacer\">\n\t\t\t<div class=\"elementor-spacer-inner\"><\/div>\n\t\t<\/div>\n\t\t\t\t<\/div>\n\t\t\t\t<\/div>\n\t\t\t\t<div class=\"elementor-element elementor-element-fd66f3a elementor-arrows-position-inside elementor-pagination-position-outside elementor-widget elementor-widget-image-carousel\" data-id=\"fd66f3a\" data-element_type=\"widget\" data-settings=\"{&quot;slides_to_show&quot;:&quot;4&quot;,&quot;navigation&quot;:&quot;both&quot;,&quot;autoplay&quot;:&quot;yes&quot;,&quot;pause_on_hover&quot;:&quot;yes&quot;,&quot;pause_on_interaction&quot;:&quot;yes&quot;,&quot;autoplay_speed&quot;:5000,&quot;infinite&quot;:&quot;yes&quot;,&quot;speed&quot;:500}\" data-widget_type=\"image-carousel.default\">\n\t\t\t\t<div class=\"elementor-widget-container\">\n\t\t\t<style>\/*! elementor - v3.15.0 - 20-08-2023 *\/\n.elementor-widget-image-carousel .swiper,.elementor-widget-image-carousel .swiper-container{position:static}.elementor-widget-image-carousel .swiper-container .swiper-slide figure,.elementor-widget-image-carousel .swiper .swiper-slide figure{line-height:inherit}.elementor-widget-image-carousel .swiper-slide{text-align:center}.elementor-image-carousel-wrapper:not(.swiper-container-initialized):not(.swiper-initialized) .swiper-slide{max-width:calc(100% \/ var(--e-image-carousel-slides-to-show, 3))}<\/style>\t\t<div class=\"elementor-image-carousel-wrapper swiper\" dir=\"ltr\">\n\t\t\t<div class=\"elementor-image-carousel swiper-wrapper\" aria-live=\"off\">\n\t\t\t\t\t\t\t\t<div class=\"swiper-slide\" role=\"group\" aria-roledescription=\"slide\" aria-label=\"1 of 10\"><figure class=\"swiper-slide-inner\"><img decoding=\"async\" class=\"swiper-slide-image\" src=\"https:\/\/rm1.com.br\/wp-content\/uploads\/2023\/09\/Hyatt.jpg\" alt=\"Hyatt\" \/><\/figure><\/div><div class=\"swiper-slide\" role=\"group\" aria-roledescription=\"slide\" aria-label=\"2 of 10\"><figure class=\"swiper-slide-inner\"><img decoding=\"async\" class=\"swiper-slide-image\" src=\"https:\/\/rm1.com.br\/wp-content\/uploads\/2023\/09\/marriot.jpg\" alt=\"marriot\" \/><\/figure><\/div><div class=\"swiper-slide\" role=\"group\" aria-roledescription=\"slide\" aria-label=\"3 of 10\"><figure class=\"swiper-slide-inner\"><img decoding=\"async\" class=\"swiper-slide-image\" src=\"https:\/\/rm1.com.br\/wp-content\/uploads\/2023\/09\/accor-1.jpg\" alt=\"accor\" \/><\/figure><\/div><div class=\"swiper-slide\" role=\"group\" aria-roledescription=\"slide\" aria-label=\"4 of 10\"><figure class=\"swiper-slide-inner\"><img decoding=\"async\" class=\"swiper-slide-image\" src=\"https:\/\/rm1.com.br\/wp-content\/uploads\/2023\/09\/blue-tree.jpg\" alt=\"blue-tree\" \/><\/figure><\/div><div class=\"swiper-slide\" role=\"group\" aria-roledescription=\"slide\" aria-label=\"5 of 10\"><figure class=\"swiper-slide-inner\"><img decoding=\"async\" class=\"swiper-slide-image\" src=\"https:\/\/rm1.com.br\/wp-content\/uploads\/2023\/09\/bourbon.jpg\" alt=\"bourbon\" \/><\/figure><\/div><div class=\"swiper-slide\" role=\"group\" aria-roledescription=\"slide\" aria-label=\"6 of 10\"><figure class=\"swiper-slide-inner\"><img decoding=\"async\" class=\"swiper-slide-image\" src=\"https:\/\/rm1.com.br\/wp-content\/uploads\/2023\/09\/fasano.jpg\" alt=\"fasano\" \/><\/figure><\/div><div class=\"swiper-slide\" role=\"group\" aria-roledescription=\"slide\" aria-label=\"7 of 10\"><figure class=\"swiper-slide-inner\"><img decoding=\"async\" class=\"swiper-slide-image\" src=\"https:\/\/rm1.com.br\/wp-content\/uploads\/2023\/09\/hollyday-inn.jpg\" alt=\"hollyday-inn\" \/><\/figure><\/div><div class=\"swiper-slide\" role=\"group\" aria-roledescription=\"slide\" aria-label=\"8 of 10\"><figure class=\"swiper-slide-inner\"><img decoding=\"async\" class=\"swiper-slide-image\" src=\"https:\/\/rm1.com.br\/wp-content\/uploads\/2023\/09\/cedros.jpg\" alt=\"cedros\" \/><\/figure><\/div><div class=\"swiper-slide\" role=\"group\" aria-roledescription=\"slide\" aria-label=\"9 of 10\"><figure class=\"swiper-slide-inner\"><img decoding=\"async\" class=\"swiper-slide-image\" src=\"https:\/\/rm1.com.br\/wp-content\/uploads\/2023\/09\/sm.jpg\" alt=\"sm\" \/><\/figure><\/div><div class=\"swiper-slide\" role=\"group\" aria-roledescription=\"slide\" aria-label=\"10 of 10\"><figure class=\"swiper-slide-inner\"><img decoding=\"async\" class=\"swiper-slide-image\" src=\"https:\/\/rm1.com.br\/wp-content\/uploads\/2023\/09\/atrio-1.jpg\" alt=\"atrio\" \/><\/figure><\/div>\t\t\t<\/div>\n\t\t\t\t\t\t\t\t\t\t\t\t<div class=\"elementor-swiper-button elementor-swiper-button-prev\" role=\"button\" tabindex=\"0\">\n\t\t\t\t\t\t<i aria-hidden=\"true\" class=\"eicon-chevron-left\"><\/i>\t\t\t\t\t<\/div>\n\t\t\t\t\t<div class=\"elementor-swiper-button elementor-swiper-button-next\" role=\"button\" tabindex=\"0\">\n\t\t\t\t\t\t<i aria-hidden=\"true\" class=\"eicon-chevron-right\"><\/i>\t\t\t\t\t<\/div>\n\t\t\t\t\n\t\t\t\t\t\t\t\t\t<div class=\"swiper-pagination\"><\/div>\n\t\t\t\t\t\t\t\t\t<\/div>\n\t\t\t\t<\/div>\n\t\t\t\t<\/div>\n\t\t\t\t\t<\/div>\n\t\t<\/div>\n\t\t\t\t\t\t\t<\/div>\n\t\t<\/section>\n\t\t\t\t\t\t\t<\/div>\n\t\t","protected":false},"excerpt":{"rendered":"<p>Tecnologia para Hot\u00e9is Opera\/Micros Implementa\u00e7\u00e3o \/ Migra\u00e7\u00e3o Opera | Micros Opera\u00e7\u00e3o Micros: Fornecemos servi\u00e7os de implementa\u00e7\u00e3o e migra\u00e7\u00e3o para ajudar sua empresa a adotar o sistema Micros de forma eficaz. Monitoramento 24\u00d77: Oferecemos um monitoramento constante para garantir que seu sistema Micros funcione sem problemas o tempo todo. Suporte Local e Remoto: Estamos dispon\u00edveis para [&hellip;]<\/p>\n","protected":false},"author":1,"featured_media":0,"parent":0,"menu_order":0,"comment_status":"closed","ping_status":"closed","template":"elementor_header_footer","meta":{"footnotes":""},"class_list":["post-304","page","type-page","status-publish","hentry"],"yoast_head":"<!-- This site is optimized with the Yoast SEO plugin v21.2 - https:\/\/yoast.com\/wordpress\/plugins\/seo\/ -->\n<title>Opera\/Micros - RM1<\/title>\n<meta name=\"robots\" content=\"index, follow, max-snippet:-1, max-image-preview:large, max-video-preview:-1\" \/>\n<link rel=\"canonical\" href=\"https:\/\/rm1.com.br\/?page_id=304\" \/>\n<meta property=\"og:locale\" content=\"en_US\" \/>\n<meta property=\"og:type\" content=\"article\" \/>\n<meta property=\"og:title\" content=\"Opera\/Micros - RM1\" \/>\n<meta property=\"og:description\" content=\"Tecnologia para Hot\u00e9is Opera\/Micros Implementa\u00e7\u00e3o \/ Migra\u00e7\u00e3o Opera | Micros Opera\u00e7\u00e3o Micros: Fornecemos servi\u00e7os de implementa\u00e7\u00e3o e migra\u00e7\u00e3o para ajudar sua empresa a adotar o sistema Micros de forma eficaz. Monitoramento 24\u00d77: Oferecemos um monitoramento constante para garantir que seu sistema Micros funcione sem problemas o tempo todo. Suporte Local e Remoto: Estamos dispon\u00edveis para [&hellip;]\" \/>\n<meta property=\"og:url\" content=\"https:\/\/rm1.com.br\/?page_id=304\" \/>\n<meta property=\"og:site_name\" content=\"RM1\" \/>\n<meta property=\"article:publisher\" content=\"https:\/\/www.facebook.com\/rmtechnologiesbr\/\" \/>\n<meta property=\"article:modified_time\" content=\"2024-06-28T13:22:54+00:00\" \/>\n<meta property=\"og:image\" content=\"https:\/\/rm1.com.br\/wp-content\/uploads\/2024\/06\/logo-banner-home-orange-consulting.png\" \/>\n<meta name=\"twitter:card\" content=\"summary_large_image\" \/>\n<meta name=\"twitter:label1\" content=\"Est. reading time\" \/>\n\t<meta name=\"twitter:data1\" content=\"5 minutes\" \/>\n<script type=\"application\/ld+json\" class=\"yoast-schema-graph\">{\"@context\":\"https:\/\/schema.org\",\"@graph\":[{\"@type\":\"WebPage\",\"@id\":\"https:\/\/rm1.com.br\/?page_id=304\",\"url\":\"https:\/\/rm1.com.br\/?page_id=304\",\"name\":\"Opera\/Micros - RM1\",\"isPartOf\":{\"@id\":\"https:\/\/rm1.com.br\/#website\"},\"datePublished\":\"2023-09-15T19:06:08+00:00\",\"dateModified\":\"2024-06-28T13:22:54+00:00\",\"breadcrumb\":{\"@id\":\"https:\/\/rm1.com.br\/?page_id=304#breadcrumb\"},\"inLanguage\":\"en-US\",\"potentialAction\":[{\"@type\":\"ReadAction\",\"target\":[\"https:\/\/rm1.com.br\/?page_id=304\"]}]},{\"@type\":\"BreadcrumbList\",\"@id\":\"https:\/\/rm1.com.br\/?page_id=304#breadcrumb\",\"itemListElement\":[{\"@type\":\"ListItem\",\"position\":1,\"name\":\"Home\",\"item\":\"https:\/\/rm1.com.br\/\"},{\"@type\":\"ListItem\",\"position\":2,\"name\":\"Opera\/Micros\"}]},{\"@type\":\"WebSite\",\"@id\":\"https:\/\/rm1.com.br\/#website\",\"url\":\"https:\/\/rm1.com.br\/\",\"name\":\"RM1\",\"description\":\"\",\"publisher\":{\"@id\":\"https:\/\/rm1.com.br\/#organization\"},\"potentialAction\":[{\"@type\":\"SearchAction\",\"target\":{\"@type\":\"EntryPoint\",\"urlTemplate\":\"https:\/\/rm1.com.br\/?s={search_term_string}\"},\"query-input\":\"required name=search_term_string\"}],\"inLanguage\":\"en-US\"},{\"@type\":\"Organization\",\"@id\":\"https:\/\/rm1.com.br\/#organization\",\"name\":\"RM1\",\"url\":\"https:\/\/rm1.com.br\/\",\"logo\":{\"@type\":\"ImageObject\",\"inLanguage\":\"en-US\",\"@id\":\"https:\/\/rm1.com.br\/#\/schema\/logo\/image\/\",\"url\":\"https:\/\/rm1.com.br\/wp-content\/uploads\/2023\/09\/brand-home-white.png\",\"contentUrl\":\"https:\/\/rm1.com.br\/wp-content\/uploads\/2023\/09\/brand-home-white.png\",\"width\":350,\"height\":100,\"caption\":\"RM1\"},\"image\":{\"@id\":\"https:\/\/rm1.com.br\/#\/schema\/logo\/image\/\"},\"sameAs\":[\"https:\/\/www.facebook.com\/rmtechnologiesbr\/\",\"https:\/\/www.instagram.com\/rm1tecnologia\/\"]}]}<\/script>\n<!-- \/ Yoast SEO plugin. -->","yoast_head_json":{"title":"Opera\/Micros - RM1","robots":{"index":"index","follow":"follow","max-snippet":"max-snippet:-1","max-image-preview":"max-image-preview:large","max-video-preview":"max-video-preview:-1"},"canonical":"https:\/\/rm1.com.br\/?page_id=304","og_locale":"en_US","og_type":"article","og_title":"Opera\/Micros - RM1","og_description":"Tecnologia para Hot\u00e9is Opera\/Micros Implementa\u00e7\u00e3o \/ Migra\u00e7\u00e3o Opera | Micros Opera\u00e7\u00e3o Micros: Fornecemos servi\u00e7os de implementa\u00e7\u00e3o e migra\u00e7\u00e3o para ajudar sua empresa a adotar o sistema Micros de forma eficaz. Monitoramento 24\u00d77: Oferecemos um monitoramento constante para garantir que seu sistema Micros funcione sem problemas o tempo todo. Suporte Local e Remoto: Estamos dispon\u00edveis para [&hellip;]","og_url":"https:\/\/rm1.com.br\/?page_id=304","og_site_name":"RM1","article_publisher":"https:\/\/www.facebook.com\/rmtechnologiesbr\/","article_modified_time":"2024-06-28T13:22:54+00:00","og_image":[{"url":"https:\/\/rm1.com.br\/wp-content\/uploads\/2024\/06\/logo-banner-home-orange-consulting.png"}],"twitter_card":"summary_large_image","twitter_misc":{"Est. reading time":"5 minutes"},"schema":{"@context":"https:\/\/schema.org","@graph":[{"@type":"WebPage","@id":"https:\/\/rm1.com.br\/?page_id=304","url":"https:\/\/rm1.com.br\/?page_id=304","name":"Opera\/Micros - RM1","isPartOf":{"@id":"https:\/\/rm1.com.br\/#website"},"datePublished":"2023-09-15T19:06:08+00:00","dateModified":"2024-06-28T13:22:54+00:00","breadcrumb":{"@id":"https:\/\/rm1.com.br\/?page_id=304#breadcrumb"},"inLanguage":"en-US","potentialAction":[{"@type":"ReadAction","target":["https:\/\/rm1.com.br\/?page_id=304"]}]},{"@type":"BreadcrumbList","@id":"https:\/\/rm1.com.br\/?page_id=304#breadcrumb","itemListElement":[{"@type":"ListItem","position":1,"name":"Home","item":"https:\/\/rm1.com.br\/"},{"@type":"ListItem","position":2,"name":"Opera\/Micros"}]},{"@type":"WebSite","@id":"https:\/\/rm1.com.br\/#website","url":"https:\/\/rm1.com.br\/","name":"RM1","description":"","publisher":{"@id":"https:\/\/rm1.com.br\/#organization"},"potentialAction":[{"@type":"SearchAction","target":{"@type":"EntryPoint","urlTemplate":"https:\/\/rm1.com.br\/?s={search_term_string}"},"query-input":"required name=search_term_string"}],"inLanguage":"en-US"},{"@type":"Organization","@id":"https:\/\/rm1.com.br\/#organization","name":"RM1","url":"https:\/\/rm1.com.br\/","logo":{"@type":"ImageObject","inLanguage":"en-US","@id":"https:\/\/rm1.com.br\/#\/schema\/logo\/image\/","url":"https:\/\/rm1.com.br\/wp-content\/uploads\/2023\/09\/brand-home-white.png","contentUrl":"https:\/\/rm1.com.br\/wp-content\/uploads\/2023\/09\/brand-home-white.png","width":350,"height":100,"caption":"RM1"},"image":{"@id":"https:\/\/rm1.com.br\/#\/schema\/logo\/image\/"},"sameAs":["https:\/\/www.facebook.com\/rmtechnologiesbr\/","https:\/\/www.instagram.com\/rm1tecnologia\/"]}]}},"_links":{"self":[{"href":"https:\/\/rm1.com.br\/index.php?rest_route=\/wp\/v2\/pages\/304","targetHints":{"allow":["GET"]}}],"collection":[{"href":"https:\/\/rm1.com.br\/index.php?rest_route=\/wp\/v2\/pages"}],"about":[{"href":"https:\/\/rm1.com.br\/index.php?rest_route=\/wp\/v2\/types\/page"}],"author":[{"embeddable":true,"href":"https:\/\/rm1.com.br\/index.php?rest_route=\/wp\/v2\/users\/1"}],"replies":[{"embeddable":true,"href":"https:\/\/rm1.com.br\/index.php?rest_route=%2Fwp%2Fv2%2Fcomments&post=304"}],"version-history":[{"count":16,"href":"https:\/\/rm1.com.br\/index.php?rest_route=\/wp\/v2\/pages\/304\/revisions"}],"predecessor-version":[{"id":545,"href":"https:\/\/rm1.com.br\/index.php?rest_route=\/wp\/v2\/pages\/304\/revisions\/545"}],"wp:attachment":[{"href":"https:\/\/rm1.com.br\/index.php?rest_route=%2Fwp%2Fv2%2Fmedia&parent=304"}],"curies":[{"name":"wp","href":"https:\/\/api.w.org\/{rel}","templated":true}]}}